{"id":320,"date":"2024-05-15T11:44:15","date_gmt":"2024-05-15T09:44:15","guid":{"rendered":"http:\/\/tpo-solutions.local\/conditions-dutilisations\/"},"modified":"2024-06-04T09:24:29","modified_gmt":"2024-06-04T07:24:29","slug":"nutzungsbedingungen","status":"publish","type":"page","link":"https:\/\/www.tpo.solutions\/de\/nutzungsbedingungen\/","title":{"rendered":"Nutzungsbedingungen"},"content":{"rendered":"<p>Der Zugriff auf die Webseite und ihre Nutzung unterliegen ausschlie\u00dflich diesen Nutzungsbedingungen. Die Nutzung der Webseite setzt die Kenntnisnahme, das Verst\u00e4ndnis und die Akzeptanz der vorliegenden Nutzungsbedingungen voraus. Sie verpflichten sich, die Webseite nicht f\u00fcr etwaige Zwecke oder anhand etwaiger Mittel zu nutzen, die rechtswidrig oder aufgrund dieser Nutzungsbedingungen verboten sind. Wenn Sie diese Nutzungsbedingungen nicht akzeptieren, sind Sie nicht zum Zugriff auf die Webseite oder zu deren Nutzung berechtigt.<\/p>\n<p>Wir behalten uns das Recht vor, diese Nutzungsbedingungen jederzeit und ohne Vorank\u00fcndigung oder Verpflichtung abzu\u00e4ndern, zu aktualisieren oder zu \u00fcberarbeiten. Deswegen sind Sie daf\u00fcr verantwortlich, regelm\u00e4\u00dfig zu \u00fcberpr\u00fcfen, ob die Nutzungsbedingungen aktualisiert wurden.<\/p>\n<h2>Inhalt dieser Webseite<\/h2>\n<p>Die auf dieser Webseite enthaltenen Informationen werden ausschlie\u00dflich zu Informationszwecken zur Verf\u00fcgung gestellt. Wir bem\u00fchen uns darum, dass der Inhalt dieser Webseite korrekt ist und regelm\u00e4\u00dfig aktualisiert wird. TPO SOLUTIONS gew\u00e4hrleistet jedoch nicht, dass der Inhalt dieser Webseite richtig, zuverl\u00e4ssig, angemessen, vollst\u00e4ndig und auf dem neuesten Stand ist. TPO SOLUTIONS kann unter keinen Umst\u00e4nden f\u00fcr Sch\u00e4den haftbar gemacht werden, die durch den Zugriff auf oder die Nutzung dieser Webseite oder deren Inhalt entstehen.<\/p>\n<h2>Rechte an geistigem Eigentum<\/h2>\n<p>Diese Webseite und ihr Inhalt, einschlie\u00dflich, jedoch nicht beschr\u00e4nkt auf Texte, Grafiken, Bilder, Videos, Logos und Ikons, sind durch geistige Eigentumsrechte oder andere Rechte gesch\u00fctzt und d\u00fcrfen ohne schriftliche Zustimmung von TPO SOLUTIONS weder kopiert, vervielf\u00e4ltigt, verbreitet, verwendet, angepasst noch \u00fcbersetzt werden, und zwar weder ganz noch teilweise.<\/p>\n<p><em>Bildnachweise:<br \/>\n<\/em><em>NC Communication srl<br \/>\n<\/em><em>Fotolia Adobe Stock<\/em><\/p>\n<h2>Links zu anderen Webseiten<\/h2>\n<p>Hyperlinks zu Webseiten Dritter, die auf dieser Webseite verf\u00fcgbar sind, werden zu Ihrem Nutzen bereitgestellt. Wenn Sie sich dazu entscheiden, diese Links zu verwenden, werden Sie diese Webseite verlassen. TPO SOLUTIONS kann nicht f\u00fcr den Inhalt von Webseiten Dritter haftbar gemacht werden. Die Verwendung von Kundenreferenzen bedarf der vorherigen Genehmigung.<\/p>\n<h2>Anwendbares Recht und Gerichtsbarkeit<\/h2>\n<p>Ihr Zugriff auf und Ihre Nutzung dieser Webseite unterliegen belgischem Recht. Die Gerichte von Eupen sind ausschlie\u00dflicher Gerichtsstand f\u00fcr etwaige Streitigkeiten, die sich aus dem Zugriff oder der Nutzung dieser Webseite ergeben.<\/p>\n<p>Zur Meldung eines Fehlers, einer Korrektur oder einer Auslassung senden Sie bitte eine E-Mail an folgende Adresse: <a href=\"mailto:info@tpo.solutions\">info@tpo.solutions<\/a><\/p>\n","protected":false},"excerpt":{"rendered":"<p>Der Zugriff auf die Webseite und ihre Nutzung unterliegen ausschlie\u00dflich diesen Nutzungsbedingungen. Die Nutzung der Webseite setzt die Kenntnisnahme, das Verst\u00e4ndnis und die Akzeptanz der vorliegenden Nutzungsbedingungen voraus. Sie verpflichten sich, die Webseite nicht f\u00fcr etwaige Zwecke oder anhand etwaiger Mittel zu nutzen, die rechtswidrig oder aufgrund dieser Nutzungsbedingungen verboten sind. Wenn Sie diese Nutzungsbedingungen [&hellip;]<\/p>\n","protected":false},"author":1,"featured_media":0,"parent":0,"menu_order":100,"comment_status":"closed","ping_status":"closed","template":"page-templates\/page-rgpd.php","meta":{"_acf_changed":false,"inline_featured_image":false,"footnotes":""},"class_list":["post-320","page","type-page","status-publish","hentry"],"acf":[],"yoast_head":"<!-- This site is optimized with the Yoast SEO plugin v27.4 - https:\/\/yoast.com\/product\/yoast-seo-wordpress\/ -->\n<title>Nutzungsbedingungen - TPO Solutions<\/title>\n<meta name=\"robots\" content=\"index, follow, max-snippet:-1, max-image-preview:large, max-video-preview:-1\" \/>\n<link rel=\"canonical\" href=\"https:\/\/www.tpo.solutions\/de\/nutzungsbedingungen\/\" \/>\n<meta property=\"og:locale\" content=\"de_DE\" \/>\n<meta property=\"og:type\" content=\"article\" \/>\n<meta property=\"og:title\" content=\"Nutzungsbedingungen - TPO Solutions\" \/>\n<meta property=\"og:description\" content=\"Der Zugriff auf die Webseite und ihre Nutzung unterliegen ausschlie\u00dflich diesen Nutzungsbedingungen. Die Nutzung der Webseite setzt die Kenntnisnahme, das Verst\u00e4ndnis und die Akzeptanz der vorliegenden Nutzungsbedingungen voraus. Sie verpflichten sich, die Webseite nicht f\u00fcr etwaige Zwecke oder anhand etwaiger Mittel zu nutzen, die rechtswidrig oder aufgrund dieser Nutzungsbedingungen verboten sind. Wenn Sie diese Nutzungsbedingungen [&hellip;]\" \/>\n<meta property=\"og:url\" content=\"https:\/\/www.tpo.solutions\/de\/nutzungsbedingungen\/\" \/>\n<meta property=\"og:site_name\" content=\"TPO Solutions\" \/>\n<meta property=\"article:modified_time\" content=\"2024-06-04T07:24:29+00:00\" \/>\n<meta name=\"twitter:card\" content=\"summary_large_image\" \/>\n<meta name=\"twitter:label1\" content=\"Gesch\u00e4tzte Lesezeit\" \/>\n\t<meta name=\"twitter:data1\" content=\"2\u00a0Minuten\" \/>\n<script type=\"application\/ld+json\" class=\"yoast-schema-graph\">{\"@context\":\"https:\\\/\\\/schema.org\",\"@graph\":[{\"@type\":\"WebPage\",\"@id\":\"https:\\\/\\\/www.tpo.solutions\\\/de\\\/nutzungsbedingungen\\\/\",\"url\":\"https:\\\/\\\/www.tpo.solutions\\\/de\\\/nutzungsbedingungen\\\/\",\"name\":\"Nutzungsbedingungen - TPO Solutions\",\"isPartOf\":{\"@id\":\"https:\\\/\\\/www.tpo.solutions\\\/de\\\/#website\"},\"datePublished\":\"2024-05-15T09:44:15+00:00\",\"dateModified\":\"2024-06-04T07:24:29+00:00\",\"breadcrumb\":{\"@id\":\"https:\\\/\\\/www.tpo.solutions\\\/de\\\/nutzungsbedingungen\\\/#breadcrumb\"},\"inLanguage\":\"de\",\"potentialAction\":[{\"@type\":\"ReadAction\",\"target\":[\"https:\\\/\\\/www.tpo.solutions\\\/de\\\/nutzungsbedingungen\\\/\"]}]},{\"@type\":\"BreadcrumbList\",\"@id\":\"https:\\\/\\\/www.tpo.solutions\\\/de\\\/nutzungsbedingungen\\\/#breadcrumb\",\"itemListElement\":[{\"@type\":\"ListItem\",\"position\":1,\"name\":\"Startseite\",\"item\":\"https:\\\/\\\/www.tpo.solutions\\\/de\\\/\"},{\"@type\":\"ListItem\",\"position\":2,\"name\":\"Nutzungsbedingungen\"}]},{\"@type\":\"WebSite\",\"@id\":\"https:\\\/\\\/www.tpo.solutions\\\/de\\\/#website\",\"url\":\"https:\\\/\\\/www.tpo.solutions\\\/de\\\/\",\"name\":\"TPO Solutions\",\"description\":\"\",\"potentialAction\":[{\"@type\":\"SearchAction\",\"target\":{\"@type\":\"EntryPoint\",\"urlTemplate\":\"https:\\\/\\\/www.tpo.solutions\\\/de\\\/?s={search_term_string}\"},\"query-input\":{\"@type\":\"PropertyValueSpecification\",\"valueRequired\":true,\"valueName\":\"search_term_string\"}}],\"inLanguage\":\"de\"}]}<\/script>\n<!-- \/ Yoast SEO plugin. -->","yoast_head_json":{"title":"Nutzungsbedingungen - TPO Solutions","robots":{"index":"index","follow":"follow","max-snippet":"max-snippet:-1","max-image-preview":"max-image-preview:large","max-video-preview":"max-video-preview:-1"},"canonical":"https:\/\/www.tpo.solutions\/de\/nutzungsbedingungen\/","og_locale":"de_DE","og_type":"article","og_title":"Nutzungsbedingungen - TPO Solutions","og_description":"Der Zugriff auf die Webseite und ihre Nutzung unterliegen ausschlie\u00dflich diesen Nutzungsbedingungen. Die Nutzung der Webseite setzt die Kenntnisnahme, das Verst\u00e4ndnis und die Akzeptanz der vorliegenden Nutzungsbedingungen voraus. Sie verpflichten sich, die Webseite nicht f\u00fcr etwaige Zwecke oder anhand etwaiger Mittel zu nutzen, die rechtswidrig oder aufgrund dieser Nutzungsbedingungen verboten sind. Wenn Sie diese Nutzungsbedingungen [&hellip;]","og_url":"https:\/\/www.tpo.solutions\/de\/nutzungsbedingungen\/","og_site_name":"TPO Solutions","article_modified_time":"2024-06-04T07:24:29+00:00","twitter_card":"summary_large_image","twitter_misc":{"Gesch\u00e4tzte Lesezeit":"2\u00a0Minuten"},"schema":{"@context":"https:\/\/schema.org","@graph":[{"@type":"WebPage","@id":"https:\/\/www.tpo.solutions\/de\/nutzungsbedingungen\/","url":"https:\/\/www.tpo.solutions\/de\/nutzungsbedingungen\/","name":"Nutzungsbedingungen - TPO Solutions","isPartOf":{"@id":"https:\/\/www.tpo.solutions\/de\/#website"},"datePublished":"2024-05-15T09:44:15+00:00","dateModified":"2024-06-04T07:24:29+00:00","breadcrumb":{"@id":"https:\/\/www.tpo.solutions\/de\/nutzungsbedingungen\/#breadcrumb"},"inLanguage":"de","potentialAction":[{"@type":"ReadAction","target":["https:\/\/www.tpo.solutions\/de\/nutzungsbedingungen\/"]}]},{"@type":"BreadcrumbList","@id":"https:\/\/www.tpo.solutions\/de\/nutzungsbedingungen\/#breadcrumb","itemListElement":[{"@type":"ListItem","position":1,"name":"Startseite","item":"https:\/\/www.tpo.solutions\/de\/"},{"@type":"ListItem","position":2,"name":"Nutzungsbedingungen"}]},{"@type":"WebSite","@id":"https:\/\/www.tpo.solutions\/de\/#website","url":"https:\/\/www.tpo.solutions\/de\/","name":"TPO Solutions","description":"","potentialAction":[{"@type":"SearchAction","target":{"@type":"EntryPoint","urlTemplate":"https:\/\/www.tpo.solutions\/de\/?s={search_term_string}"},"query-input":{"@type":"PropertyValueSpecification","valueRequired":true,"valueName":"search_term_string"}}],"inLanguage":"de"}]}},"_links":{"self":[{"href":"https:\/\/www.tpo.solutions\/de\/wp-json\/wp\/v2\/pages\/320","targetHints":{"allow":["GET"]}}],"collection":[{"href":"https:\/\/www.tpo.solutions\/de\/wp-json\/wp\/v2\/pages"}],"about":[{"href":"https:\/\/www.tpo.solutions\/de\/wp-json\/wp\/v2\/types\/page"}],"author":[{"embeddable":true,"href":"https:\/\/www.tpo.solutions\/de\/wp-json\/wp\/v2\/users\/1"}],"replies":[{"embeddable":true,"href":"https:\/\/www.tpo.solutions\/de\/wp-json\/wp\/v2\/comments?post=320"}],"version-history":[{"count":4,"href":"https:\/\/www.tpo.solutions\/de\/wp-json\/wp\/v2\/pages\/320\/revisions"}],"predecessor-version":[{"id":1376,"href":"https:\/\/www.tpo.solutions\/de\/wp-json\/wp\/v2\/pages\/320\/revisions\/1376"}],"wp:attachment":[{"href":"https:\/\/www.tpo.solutions\/de\/wp-json\/wp\/v2\/media?parent=320"}],"curies":[{"name":"wp","href":"https:\/\/api.w.org\/{rel}","templated":true}]}}